{"id":7492,"date":"2023-11-14T08:38:57","date_gmt":"2023-11-14T08:38:57","guid":{"rendered":"https:\/\/www.almiramonti.com\/shop\/arte-sapori\/"},"modified":"2024-05-21T15:29:12","modified_gmt":"2024-05-21T15:29:12","slug":"arte-sapori","status":"publish","type":"product","link":"https:\/\/www.almiramonti.com\/de\/shop\/arte-sapori\/","title":{"rendered":"KUNST &#038; GESCHMACK"},"content":{"rendered":"","protected":false},"excerpt":{"rendered":"<p>Eine Erfahrung f\u00fcr Kunst- und Genussliebhaber, die echte und authentische Aromen sch\u00e4tzen.<\/p>\n<p>Der Gutschein beinhaltet:<\/p>\n<ul>\n<li>Eine \u00dcbernachtung in einem Classic-Zimmer<\/li>\n<li>Ein gastronomisches Abendessen mit typischen Produkten der Region<\/li>\n<li>Fr\u00fchst\u00fcck an unserem k\u00f6stlichen Buffet mit typischen Produkten aus dem Vigezzo-Tal<\/li>\n<li>Kostenloser Eintritt in die Kunstschule Rossetti Valentini<\/li>\n<li>Geschenkverpackung einer Flasche Tarlap von den Cantine Garrone (Oira di Crevoladossola)<\/li>\n<\/ul>\n<p><em>Die Gutscheine sind nur mit obligatorischer Reservierung und je nach Verf\u00fcgbarkeit des Hotels g\u00fcltig. Sie haben eine G\u00fcltigkeit von einem Jahr ab Ausstellungsdatum.<\/em><\/p>\n<p><em>Sie k\u00f6nnen den Gutschein direkt per E-Mail erhalten und ausdrucken oder an den Geschenkempf\u00e4nger weiterleiten.<\/em><\/p>\n<p>Preis pro Person: \u20ac 120,00 \/ pro Paar: \u20ac 240,00<\/p>\n","protected":false},"featured_media":6173,"template":"","meta":{"inline_featured_image":false},"product_brand":[],"product_cat":[52],"product_tag":[],"giftcard-category":[59],"class_list":{"0":"post-7492","1":"product","2":"type-product","3":"status-publish","4":"has-post-thumbnail","6":"product_cat-gift-card","7":"giftcard-category-gift","9":"first","10":"instock","11":"virtual","12":"purchasable","13":"product-type-gift-card"},"yoast_head":"<!-- This site is optimized with the Yoast SEO plugin v27.5 - https:\/\/yoast.com\/product\/yoast-seo-wordpress\/ -->\n<title>KUNST &amp; GESCHMACK - Hotel al Miramonti Santa Maria Maggiore<\/title>\n<meta name=\"robots\" content=\"index, follow, max-snippet:-1, max-image-preview:large, max-video-preview:-1\" \/>\n<link rel=\"canonical\" href=\"https:\/\/www.almiramonti.com\/de\/shop\/arte-sapori\/\" \/>\n<meta property=\"og:locale\" content=\"de_DE\" \/>\n<meta property=\"og:type\" content=\"article\" \/>\n<meta property=\"og:title\" content=\"KUNST &amp; GESCHMACK - Hotel al Miramonti Santa Maria Maggiore\" \/>\n<meta property=\"og:description\" content=\"Eine Erfahrung f\u00fcr Kunst- und Genussliebhaber, die echte und authentische Aromen sch\u00e4tzen.  Der Gutschein beinhaltet:   Eine \u00dcbernachtung in einem Classic-Zimmer  Ein gastronomisches Abendessen mit typischen Produkten der Region  Fr\u00fchst\u00fcck an unserem k\u00f6stlichen Buffet mit typischen Produkten aus dem Vigezzo-Tal  Kostenloser Eintritt in die Kunstschule Rossetti Valentini  Geschenkverpackung einer Flasche Tarlap von den Cantine Garrone (Oira di Crevoladossola)  Die Gutscheine sind nur mit obligatorischer Reservierung und je nach Verf\u00fcgbarkeit des Hotels g\u00fcltig. Sie haben eine G\u00fcltigkeit von einem Jahr ab Ausstellungsdatum.  Sie k\u00f6nnen den Gutschein direkt per E-Mail erhalten und ausdrucken oder an den Geschenkempf\u00e4nger weiterleiten.  Preis pro Person: \u20ac 120,00 \/ pro Paar: \u20ac 240,00\" \/>\n<meta property=\"og:url\" content=\"https:\/\/www.almiramonti.com\/de\/shop\/arte-sapori\/\" \/>\n<meta property=\"og:site_name\" content=\"Hotel al Miramonti Santa Maria Maggiore\" \/>\n<meta property=\"article:modified_time\" content=\"2024-05-21T15:29:12+00:00\" \/>\n<meta property=\"og:image\" content=\"https:\/\/www.almiramonti.com\/wp-content\/uploads\/2023\/11\/ARTE-SAPORI.jpg\" \/>\n\t<meta property=\"og:image:width\" content=\"1240\" \/>\n\t<meta property=\"og:image:height\" content=\"1410\" \/>\n\t<meta property=\"og:image:type\" content=\"image\/jpeg\" \/>\n<meta name=\"twitter:card\" content=\"summary_large_image\" \/>\n<meta name=\"twitter:label1\" content=\"Gesch\u00e4tzte Lesezeit\" \/>\n\t<meta name=\"twitter:data1\" content=\"1\u00a0Minute\" \/>\n<script type=\"application\/ld+json\" class=\"yoast-schema-graph\">{\"@context\":\"https:\\\/\\\/schema.org\",\"@graph\":[{\"@type\":\"WebPage\",\"@id\":\"https:\\\/\\\/www.almiramonti.com\\\/de\\\/shop\\\/arte-sapori\\\/\",\"url\":\"https:\\\/\\\/www.almiramonti.com\\\/de\\\/shop\\\/arte-sapori\\\/\",\"name\":\"KUNST & GESCHMACK - Hotel al Miramonti Santa Maria Maggiore\",\"isPartOf\":{\"@id\":\"https:\\\/\\\/www.almiramonti.com\\\/#website\"},\"primaryImageOfPage\":{\"@id\":\"https:\\\/\\\/www.almiramonti.com\\\/de\\\/shop\\\/arte-sapori\\\/#primaryimage\"},\"image\":{\"@id\":\"https:\\\/\\\/www.almiramonti.com\\\/de\\\/shop\\\/arte-sapori\\\/#primaryimage\"},\"thumbnailUrl\":\"https:\\\/\\\/www.almiramonti.com\\\/wp-content\\\/uploads\\\/2023\\\/11\\\/ARTE-SAPORI.jpg\",\"datePublished\":\"2023-11-14T08:38:57+00:00\",\"dateModified\":\"2024-05-21T15:29:12+00:00\",\"breadcrumb\":{\"@id\":\"https:\\\/\\\/www.almiramonti.com\\\/de\\\/shop\\\/arte-sapori\\\/#breadcrumb\"},\"inLanguage\":\"de\",\"potentialAction\":[{\"@type\":\"ReadAction\",\"target\":[\"https:\\\/\\\/www.almiramonti.com\\\/de\\\/shop\\\/arte-sapori\\\/\"]}]},{\"@type\":\"ImageObject\",\"inLanguage\":\"de\",\"@id\":\"https:\\\/\\\/www.almiramonti.com\\\/de\\\/shop\\\/arte-sapori\\\/#primaryimage\",\"url\":\"https:\\\/\\\/www.almiramonti.com\\\/wp-content\\\/uploads\\\/2023\\\/11\\\/ARTE-SAPORI.jpg\",\"contentUrl\":\"https:\\\/\\\/www.almiramonti.com\\\/wp-content\\\/uploads\\\/2023\\\/11\\\/ARTE-SAPORI.jpg\",\"width\":1240,\"height\":1410},{\"@type\":\"BreadcrumbList\",\"@id\":\"https:\\\/\\\/www.almiramonti.com\\\/de\\\/shop\\\/arte-sapori\\\/#breadcrumb\",\"itemListElement\":[{\"@type\":\"ListItem\",\"position\":1,\"name\":\"Home\",\"item\":\"https:\\\/\\\/www.almiramonti.com\\\/de\\\/\"},{\"@type\":\"ListItem\",\"position\":2,\"name\":\"SHOP\",\"item\":\"https:\\\/\\\/www.almiramonti.com\\\/shop\\\/\"},{\"@type\":\"ListItem\",\"position\":3,\"name\":\"KUNST &#038; GESCHMACK\"}]},{\"@type\":\"WebSite\",\"@id\":\"https:\\\/\\\/www.almiramonti.com\\\/#website\",\"url\":\"https:\\\/\\\/www.almiramonti.com\\\/\",\"name\":\"Hotel al Miramonti Santa Maria Maggiore\",\"description\":\"Credits PrincipeMorici\",\"publisher\":{\"@id\":\"https:\\\/\\\/www.almiramonti.com\\\/#organization\"},\"potentialAction\":[{\"@type\":\"SearchAction\",\"target\":{\"@type\":\"EntryPoint\",\"urlTemplate\":\"https:\\\/\\\/www.almiramonti.com\\\/?s={search_term_string}\"},\"query-input\":{\"@type\":\"PropertyValueSpecification\",\"valueRequired\":true,\"valueName\":\"search_term_string\"}}],\"inLanguage\":\"de\"},{\"@type\":\"Organization\",\"@id\":\"https:\\\/\\\/www.almiramonti.com\\\/#organization\",\"name\":\"Hotel al Miramonti Santa Maria Maggiore\",\"url\":\"https:\\\/\\\/www.almiramonti.com\\\/\",\"logo\":{\"@type\":\"ImageObject\",\"inLanguage\":\"de\",\"@id\":\"https:\\\/\\\/www.almiramonti.com\\\/#\\\/schema\\\/logo\\\/image\\\/\",\"url\":\"https:\\\/\\\/www.almiramonti.com\\\/wp-content\\\/uploads\\\/2023\\\/04\\\/logo-3.png\",\"contentUrl\":\"https:\\\/\\\/www.almiramonti.com\\\/wp-content\\\/uploads\\\/2023\\\/04\\\/logo-3.png\",\"width\":457,\"height\":91,\"caption\":\"Hotel al Miramonti Santa Maria Maggiore\"},\"image\":{\"@id\":\"https:\\\/\\\/www.almiramonti.com\\\/#\\\/schema\\\/logo\\\/image\\\/\"}}]}<\/script>\n<!-- \/ Yoast SEO plugin. -->","yoast_head_json":{"title":"KUNST & GESCHMACK - Hotel al Miramonti Santa Maria Maggiore","robots":{"index":"index","follow":"follow","max-snippet":"max-snippet:-1","max-image-preview":"max-image-preview:large","max-video-preview":"max-video-preview:-1"},"canonical":"https:\/\/www.almiramonti.com\/de\/shop\/arte-sapori\/","og_locale":"de_DE","og_type":"article","og_title":"KUNST & GESCHMACK - Hotel al Miramonti Santa Maria Maggiore","og_description":"Eine Erfahrung f\u00fcr Kunst- und Genussliebhaber, die echte und authentische Aromen sch\u00e4tzen.  Der Gutschein beinhaltet:   Eine \u00dcbernachtung in einem Classic-Zimmer  Ein gastronomisches Abendessen mit typischen Produkten der Region  Fr\u00fchst\u00fcck an unserem k\u00f6stlichen Buffet mit typischen Produkten aus dem Vigezzo-Tal  Kostenloser Eintritt in die Kunstschule Rossetti Valentini  Geschenkverpackung einer Flasche Tarlap von den Cantine Garrone (Oira di Crevoladossola)  Die Gutscheine sind nur mit obligatorischer Reservierung und je nach Verf\u00fcgbarkeit des Hotels g\u00fcltig. Sie haben eine G\u00fcltigkeit von einem Jahr ab Ausstellungsdatum.  Sie k\u00f6nnen den Gutschein direkt per E-Mail erhalten und ausdrucken oder an den Geschenkempf\u00e4nger weiterleiten.  Preis pro Person: \u20ac 120,00 \/ pro Paar: \u20ac 240,00","og_url":"https:\/\/www.almiramonti.com\/de\/shop\/arte-sapori\/","og_site_name":"Hotel al Miramonti Santa Maria Maggiore","article_modified_time":"2024-05-21T15:29:12+00:00","og_image":[{"width":1240,"height":1410,"url":"https:\/\/www.almiramonti.com\/wp-content\/uploads\/2023\/11\/ARTE-SAPORI.jpg","type":"image\/jpeg"}],"twitter_card":"summary_large_image","twitter_misc":{"Gesch\u00e4tzte Lesezeit":"1\u00a0Minute"},"schema":{"@context":"https:\/\/schema.org","@graph":[{"@type":"WebPage","@id":"https:\/\/www.almiramonti.com\/de\/shop\/arte-sapori\/","url":"https:\/\/www.almiramonti.com\/de\/shop\/arte-sapori\/","name":"KUNST & GESCHMACK - Hotel al Miramonti Santa Maria Maggiore","isPartOf":{"@id":"https:\/\/www.almiramonti.com\/#website"},"primaryImageOfPage":{"@id":"https:\/\/www.almiramonti.com\/de\/shop\/arte-sapori\/#primaryimage"},"image":{"@id":"https:\/\/www.almiramonti.com\/de\/shop\/arte-sapori\/#primaryimage"},"thumbnailUrl":"https:\/\/www.almiramonti.com\/wp-content\/uploads\/2023\/11\/ARTE-SAPORI.jpg","datePublished":"2023-11-14T08:38:57+00:00","dateModified":"2024-05-21T15:29:12+00:00","breadcrumb":{"@id":"https:\/\/www.almiramonti.com\/de\/shop\/arte-sapori\/#breadcrumb"},"inLanguage":"de","potentialAction":[{"@type":"ReadAction","target":["https:\/\/www.almiramonti.com\/de\/shop\/arte-sapori\/"]}]},{"@type":"ImageObject","inLanguage":"de","@id":"https:\/\/www.almiramonti.com\/de\/shop\/arte-sapori\/#primaryimage","url":"https:\/\/www.almiramonti.com\/wp-content\/uploads\/2023\/11\/ARTE-SAPORI.jpg","contentUrl":"https:\/\/www.almiramonti.com\/wp-content\/uploads\/2023\/11\/ARTE-SAPORI.jpg","width":1240,"height":1410},{"@type":"BreadcrumbList","@id":"https:\/\/www.almiramonti.com\/de\/shop\/arte-sapori\/#breadcrumb","itemListElement":[{"@type":"ListItem","position":1,"name":"Home","item":"https:\/\/www.almiramonti.com\/de\/"},{"@type":"ListItem","position":2,"name":"SHOP","item":"https:\/\/www.almiramonti.com\/shop\/"},{"@type":"ListItem","position":3,"name":"KUNST &#038; GESCHMACK"}]},{"@type":"WebSite","@id":"https:\/\/www.almiramonti.com\/#website","url":"https:\/\/www.almiramonti.com\/","name":"Hotel al Miramonti Santa Maria Maggiore","description":"Credits PrincipeMorici","publisher":{"@id":"https:\/\/www.almiramonti.com\/#organization"},"potentialAction":[{"@type":"SearchAction","target":{"@type":"EntryPoint","urlTemplate":"https:\/\/www.almiramonti.com\/?s={search_term_string}"},"query-input":{"@type":"PropertyValueSpecification","valueRequired":true,"valueName":"search_term_string"}}],"inLanguage":"de"},{"@type":"Organization","@id":"https:\/\/www.almiramonti.com\/#organization","name":"Hotel al Miramonti Santa Maria Maggiore","url":"https:\/\/www.almiramonti.com\/","logo":{"@type":"ImageObject","inLanguage":"de","@id":"https:\/\/www.almiramonti.com\/#\/schema\/logo\/image\/","url":"https:\/\/www.almiramonti.com\/wp-content\/uploads\/2023\/04\/logo-3.png","contentUrl":"https:\/\/www.almiramonti.com\/wp-content\/uploads\/2023\/04\/logo-3.png","width":457,"height":91,"caption":"Hotel al Miramonti Santa Maria Maggiore"},"image":{"@id":"https:\/\/www.almiramonti.com\/#\/schema\/logo\/image\/"}}]}},"_links":{"self":[{"href":"https:\/\/www.almiramonti.com\/de\/wp-json\/wp\/v2\/product\/7492","targetHints":{"allow":["GET"]}}],"collection":[{"href":"https:\/\/www.almiramonti.com\/de\/wp-json\/wp\/v2\/product"}],"about":[{"href":"https:\/\/www.almiramonti.com\/de\/wp-json\/wp\/v2\/types\/product"}],"version-history":[{"count":1,"href":"https:\/\/www.almiramonti.com\/de\/wp-json\/wp\/v2\/product\/7492\/revisions"}],"predecessor-version":[{"id":7533,"href":"https:\/\/www.almiramonti.com\/de\/wp-json\/wp\/v2\/product\/7492\/revisions\/7533"}],"wp:featuredmedia":[{"embeddable":true,"href":"https:\/\/www.almiramonti.com\/de\/wp-json\/wp\/v2\/media\/6173"}],"wp:attachment":[{"href":"https:\/\/www.almiramonti.com\/de\/wp-json\/wp\/v2\/media?parent=7492"}],"wp:term":[{"taxonomy":"product_brand","embeddable":true,"href":"https:\/\/www.almiramonti.com\/de\/wp-json\/wp\/v2\/product_brand?post=7492"},{"taxonomy":"product_cat","embeddable":true,"href":"https:\/\/www.almiramonti.com\/de\/wp-json\/wp\/v2\/product_cat?post=7492"},{"taxonomy":"product_tag","embeddable":true,"href":"https:\/\/www.almiramonti.com\/de\/wp-json\/wp\/v2\/product_tag?post=7492"},{"taxonomy":"giftcard-category","embeddable":true,"href":"https:\/\/www.almiramonti.com\/de\/wp-json\/wp\/v2\/giftcard-category?post=7492"}],"curies":[{"name":"wp","href":"https:\/\/api.w.org\/{rel}","templated":true}]}}