{"id":7486,"date":"2023-11-14T08:57:13","date_gmt":"2023-11-14T08:57:13","guid":{"rendered":"https:\/\/www.almiramonti.com\/shop\/la-colazione-dello-spazzacamino\/"},"modified":"2024-05-21T15:08:27","modified_gmt":"2024-05-21T15:08:27","slug":"la-colazione-dello-spazzacamino","status":"publish","type":"product","link":"https:\/\/www.almiramonti.com\/de\/shop\/la-colazione-dello-spazzacamino\/","title":{"rendered":"DAS FR\u00dcHST\u00dcCK DES SCHORNSTEINFEGERS"},"content":{"rendered":"","protected":false},"excerpt":{"rendered":"<p>Fr\u00fchst\u00fcck an unserem k\u00f6stlichen s\u00fc\u00dfen und herzhaften Buffet<\/p>\n<p>mit den traditionellen, frisch zubereiteten Vigezziner Eiern<\/p>\n<p>+ Eintritt in das SCHORNSTEINFEGER-MUSEUM mit Audioguide<\/p>\n<p><em>Die Gutscheine sind nur mit vorheriger Reservierung und je nach Verf\u00fcgbarkeit des Hotels nutzbar. Sie sind ein Jahr ab Ausstellungsdatum g\u00fcltig.<\/em><br \/>\n<em>Sie k\u00f6nnen den Gutschein direkt per E-Mail erhalten und ausdrucken oder an den Geschenkempf\u00e4nger weiterleiten.<\/em><\/p>\n<p>Preis pro Person: \u20ac 18,00 \/ pro Paar: \u20ac 30,00<\/p>\n","protected":false},"featured_media":6182,"template":"","meta":{"inline_featured_image":false},"product_brand":[],"product_cat":[52],"product_tag":[],"giftcard-category":[59],"class_list":{"0":"post-7486","1":"product","2":"type-product","3":"status-publish","4":"has-post-thumbnail","6":"product_cat-gift-card","7":"giftcard-category-gift","9":"first","10":"instock","11":"virtual","12":"purchasable","13":"product-type-gift-card"},"yoast_head":"<!-- This site is optimized with the Yoast SEO plugin v27.5 - https:\/\/yoast.com\/product\/yoast-seo-wordpress\/ -->\n<title>DAS FR\u00dcHST\u00dcCK DES SCHORNSTEINFEGERS - Hotel al Miramonti Santa Maria Maggiore<\/title>\n<meta name=\"robots\" content=\"index, follow, max-snippet:-1, max-image-preview:large, max-video-preview:-1\" \/>\n<link rel=\"canonical\" href=\"https:\/\/www.almiramonti.com\/de\/shop\/la-colazione-dello-spazzacamino\/\" \/>\n<meta property=\"og:locale\" content=\"de_DE\" \/>\n<meta property=\"og:type\" content=\"article\" \/>\n<meta property=\"og:title\" content=\"DAS FR\u00dcHST\u00dcCK DES SCHORNSTEINFEGERS - Hotel al Miramonti Santa Maria Maggiore\" \/>\n<meta property=\"og:description\" content=\"Fr\u00fchst\u00fcck an unserem k\u00f6stlichen s\u00fc\u00dfen und herzhaften Buffet  mit den traditionellen, frisch zubereiteten Vigezziner Eiern  + Eintritt in das SCHORNSTEINFEGER-MUSEUM mit Audioguide  Die Gutscheine sind nur mit vorheriger Reservierung und je nach Verf\u00fcgbarkeit des Hotels nutzbar. Sie sind ein Jahr ab Ausstellungsdatum g\u00fcltig. Sie k\u00f6nnen den Gutschein direkt per E-Mail erhalten und ausdrucken oder an den Geschenkempf\u00e4nger weiterleiten.  Preis pro Person: \u20ac 18,00 \/ pro Paar: \u20ac 30,00\" \/>\n<meta property=\"og:url\" content=\"https:\/\/www.almiramonti.com\/de\/shop\/la-colazione-dello-spazzacamino\/\" \/>\n<meta property=\"og:site_name\" content=\"Hotel al Miramonti Santa Maria Maggiore\" \/>\n<meta property=\"article:modified_time\" content=\"2024-05-21T15:08:27+00:00\" \/>\n<meta property=\"og:image\" content=\"https:\/\/www.almiramonti.com\/wp-content\/uploads\/2023\/11\/LA-COLAZIONE-DELLO-SPAZZACAMINO.jpg\" \/>\n\t<meta property=\"og:image:width\" content=\"1240\" \/>\n\t<meta property=\"og:image:height\" content=\"1410\" \/>\n\t<meta property=\"og:image:type\" content=\"image\/jpeg\" \/>\n<meta name=\"twitter:card\" content=\"summary_large_image\" \/>\n<meta name=\"twitter:label1\" content=\"Gesch\u00e4tzte Lesezeit\" \/>\n\t<meta name=\"twitter:data1\" content=\"1\u00a0Minute\" \/>\n<script type=\"application\/ld+json\" class=\"yoast-schema-graph\">{\"@context\":\"https:\\\/\\\/schema.org\",\"@graph\":[{\"@type\":\"WebPage\",\"@id\":\"https:\\\/\\\/www.almiramonti.com\\\/de\\\/shop\\\/la-colazione-dello-spazzacamino\\\/\",\"url\":\"https:\\\/\\\/www.almiramonti.com\\\/de\\\/shop\\\/la-colazione-dello-spazzacamino\\\/\",\"name\":\"DAS FR\u00dcHST\u00dcCK DES SCHORNSTEINFEGERS - Hotel al Miramonti Santa Maria Maggiore\",\"isPartOf\":{\"@id\":\"https:\\\/\\\/www.almiramonti.com\\\/#website\"},\"primaryImageOfPage\":{\"@id\":\"https:\\\/\\\/www.almiramonti.com\\\/de\\\/shop\\\/la-colazione-dello-spazzacamino\\\/#primaryimage\"},\"image\":{\"@id\":\"https:\\\/\\\/www.almiramonti.com\\\/de\\\/shop\\\/la-colazione-dello-spazzacamino\\\/#primaryimage\"},\"thumbnailUrl\":\"https:\\\/\\\/www.almiramonti.com\\\/wp-content\\\/uploads\\\/2023\\\/11\\\/LA-COLAZIONE-DELLO-SPAZZACAMINO.jpg\",\"datePublished\":\"2023-11-14T08:57:13+00:00\",\"dateModified\":\"2024-05-21T15:08:27+00:00\",\"breadcrumb\":{\"@id\":\"https:\\\/\\\/www.almiramonti.com\\\/de\\\/shop\\\/la-colazione-dello-spazzacamino\\\/#breadcrumb\"},\"inLanguage\":\"de\",\"potentialAction\":[{\"@type\":\"ReadAction\",\"target\":[\"https:\\\/\\\/www.almiramonti.com\\\/de\\\/shop\\\/la-colazione-dello-spazzacamino\\\/\"]}]},{\"@type\":\"ImageObject\",\"inLanguage\":\"de\",\"@id\":\"https:\\\/\\\/www.almiramonti.com\\\/de\\\/shop\\\/la-colazione-dello-spazzacamino\\\/#primaryimage\",\"url\":\"https:\\\/\\\/www.almiramonti.com\\\/wp-content\\\/uploads\\\/2023\\\/11\\\/LA-COLAZIONE-DELLO-SPAZZACAMINO.jpg\",\"contentUrl\":\"https:\\\/\\\/www.almiramonti.com\\\/wp-content\\\/uploads\\\/2023\\\/11\\\/LA-COLAZIONE-DELLO-SPAZZACAMINO.jpg\",\"width\":1240,\"height\":1410},{\"@type\":\"BreadcrumbList\",\"@id\":\"https:\\\/\\\/www.almiramonti.com\\\/de\\\/shop\\\/la-colazione-dello-spazzacamino\\\/#breadcrumb\",\"itemListElement\":[{\"@type\":\"ListItem\",\"position\":1,\"name\":\"Home\",\"item\":\"https:\\\/\\\/www.almiramonti.com\\\/de\\\/\"},{\"@type\":\"ListItem\",\"position\":2,\"name\":\"SHOP\",\"item\":\"https:\\\/\\\/www.almiramonti.com\\\/shop\\\/\"},{\"@type\":\"ListItem\",\"position\":3,\"name\":\"DAS FR\u00dcHST\u00dcCK DES SCHORNSTEINFEGERS\"}]},{\"@type\":\"WebSite\",\"@id\":\"https:\\\/\\\/www.almiramonti.com\\\/#website\",\"url\":\"https:\\\/\\\/www.almiramonti.com\\\/\",\"name\":\"Hotel al Miramonti Santa Maria Maggiore\",\"description\":\"Credits PrincipeMorici\",\"publisher\":{\"@id\":\"https:\\\/\\\/www.almiramonti.com\\\/#organization\"},\"potentialAction\":[{\"@type\":\"SearchAction\",\"target\":{\"@type\":\"EntryPoint\",\"urlTemplate\":\"https:\\\/\\\/www.almiramonti.com\\\/?s={search_term_string}\"},\"query-input\":{\"@type\":\"PropertyValueSpecification\",\"valueRequired\":true,\"valueName\":\"search_term_string\"}}],\"inLanguage\":\"de\"},{\"@type\":\"Organization\",\"@id\":\"https:\\\/\\\/www.almiramonti.com\\\/#organization\",\"name\":\"Hotel al Miramonti Santa Maria Maggiore\",\"url\":\"https:\\\/\\\/www.almiramonti.com\\\/\",\"logo\":{\"@type\":\"ImageObject\",\"inLanguage\":\"de\",\"@id\":\"https:\\\/\\\/www.almiramonti.com\\\/#\\\/schema\\\/logo\\\/image\\\/\",\"url\":\"https:\\\/\\\/www.almiramonti.com\\\/wp-content\\\/uploads\\\/2023\\\/04\\\/logo-3.png\",\"contentUrl\":\"https:\\\/\\\/www.almiramonti.com\\\/wp-content\\\/uploads\\\/2023\\\/04\\\/logo-3.png\",\"width\":457,\"height\":91,\"caption\":\"Hotel al Miramonti Santa Maria Maggiore\"},\"image\":{\"@id\":\"https:\\\/\\\/www.almiramonti.com\\\/#\\\/schema\\\/logo\\\/image\\\/\"}}]}<\/script>\n<!-- \/ Yoast SEO plugin. -->","yoast_head_json":{"title":"DAS FR\u00dcHST\u00dcCK DES SCHORNSTEINFEGERS - Hotel al Miramonti Santa Maria Maggiore","robots":{"index":"index","follow":"follow","max-snippet":"max-snippet:-1","max-image-preview":"max-image-preview:large","max-video-preview":"max-video-preview:-1"},"canonical":"https:\/\/www.almiramonti.com\/de\/shop\/la-colazione-dello-spazzacamino\/","og_locale":"de_DE","og_type":"article","og_title":"DAS FR\u00dcHST\u00dcCK DES SCHORNSTEINFEGERS - Hotel al Miramonti Santa Maria Maggiore","og_description":"Fr\u00fchst\u00fcck an unserem k\u00f6stlichen s\u00fc\u00dfen und herzhaften Buffet  mit den traditionellen, frisch zubereiteten Vigezziner Eiern  + Eintritt in das SCHORNSTEINFEGER-MUSEUM mit Audioguide  Die Gutscheine sind nur mit vorheriger Reservierung und je nach Verf\u00fcgbarkeit des Hotels nutzbar. Sie sind ein Jahr ab Ausstellungsdatum g\u00fcltig. Sie k\u00f6nnen den Gutschein direkt per E-Mail erhalten und ausdrucken oder an den Geschenkempf\u00e4nger weiterleiten.  Preis pro Person: \u20ac 18,00 \/ pro Paar: \u20ac 30,00","og_url":"https:\/\/www.almiramonti.com\/de\/shop\/la-colazione-dello-spazzacamino\/","og_site_name":"Hotel al Miramonti Santa Maria Maggiore","article_modified_time":"2024-05-21T15:08:27+00:00","og_image":[{"width":1240,"height":1410,"url":"https:\/\/www.almiramonti.com\/wp-content\/uploads\/2023\/11\/LA-COLAZIONE-DELLO-SPAZZACAMINO.jpg","type":"image\/jpeg"}],"twitter_card":"summary_large_image","twitter_misc":{"Gesch\u00e4tzte Lesezeit":"1\u00a0Minute"},"schema":{"@context":"https:\/\/schema.org","@graph":[{"@type":"WebPage","@id":"https:\/\/www.almiramonti.com\/de\/shop\/la-colazione-dello-spazzacamino\/","url":"https:\/\/www.almiramonti.com\/de\/shop\/la-colazione-dello-spazzacamino\/","name":"DAS FR\u00dcHST\u00dcCK DES SCHORNSTEINFEGERS - Hotel al Miramonti Santa Maria Maggiore","isPartOf":{"@id":"https:\/\/www.almiramonti.com\/#website"},"primaryImageOfPage":{"@id":"https:\/\/www.almiramonti.com\/de\/shop\/la-colazione-dello-spazzacamino\/#primaryimage"},"image":{"@id":"https:\/\/www.almiramonti.com\/de\/shop\/la-colazione-dello-spazzacamino\/#primaryimage"},"thumbnailUrl":"https:\/\/www.almiramonti.com\/wp-content\/uploads\/2023\/11\/LA-COLAZIONE-DELLO-SPAZZACAMINO.jpg","datePublished":"2023-11-14T08:57:13+00:00","dateModified":"2024-05-21T15:08:27+00:00","breadcrumb":{"@id":"https:\/\/www.almiramonti.com\/de\/shop\/la-colazione-dello-spazzacamino\/#breadcrumb"},"inLanguage":"de","potentialAction":[{"@type":"ReadAction","target":["https:\/\/www.almiramonti.com\/de\/shop\/la-colazione-dello-spazzacamino\/"]}]},{"@type":"ImageObject","inLanguage":"de","@id":"https:\/\/www.almiramonti.com\/de\/shop\/la-colazione-dello-spazzacamino\/#primaryimage","url":"https:\/\/www.almiramonti.com\/wp-content\/uploads\/2023\/11\/LA-COLAZIONE-DELLO-SPAZZACAMINO.jpg","contentUrl":"https:\/\/www.almiramonti.com\/wp-content\/uploads\/2023\/11\/LA-COLAZIONE-DELLO-SPAZZACAMINO.jpg","width":1240,"height":1410},{"@type":"BreadcrumbList","@id":"https:\/\/www.almiramonti.com\/de\/shop\/la-colazione-dello-spazzacamino\/#breadcrumb","itemListElement":[{"@type":"ListItem","position":1,"name":"Home","item":"https:\/\/www.almiramonti.com\/de\/"},{"@type":"ListItem","position":2,"name":"SHOP","item":"https:\/\/www.almiramonti.com\/shop\/"},{"@type":"ListItem","position":3,"name":"DAS FR\u00dcHST\u00dcCK DES SCHORNSTEINFEGERS"}]},{"@type":"WebSite","@id":"https:\/\/www.almiramonti.com\/#website","url":"https:\/\/www.almiramonti.com\/","name":"Hotel al Miramonti Santa Maria Maggiore","description":"Credits PrincipeMorici","publisher":{"@id":"https:\/\/www.almiramonti.com\/#organization"},"potentialAction":[{"@type":"SearchAction","target":{"@type":"EntryPoint","urlTemplate":"https:\/\/www.almiramonti.com\/?s={search_term_string}"},"query-input":{"@type":"PropertyValueSpecification","valueRequired":true,"valueName":"search_term_string"}}],"inLanguage":"de"},{"@type":"Organization","@id":"https:\/\/www.almiramonti.com\/#organization","name":"Hotel al Miramonti Santa Maria Maggiore","url":"https:\/\/www.almiramonti.com\/","logo":{"@type":"ImageObject","inLanguage":"de","@id":"https:\/\/www.almiramonti.com\/#\/schema\/logo\/image\/","url":"https:\/\/www.almiramonti.com\/wp-content\/uploads\/2023\/04\/logo-3.png","contentUrl":"https:\/\/www.almiramonti.com\/wp-content\/uploads\/2023\/04\/logo-3.png","width":457,"height":91,"caption":"Hotel al Miramonti Santa Maria Maggiore"},"image":{"@id":"https:\/\/www.almiramonti.com\/#\/schema\/logo\/image\/"}}]}},"_links":{"self":[{"href":"https:\/\/www.almiramonti.com\/de\/wp-json\/wp\/v2\/product\/7486","targetHints":{"allow":["GET"]}}],"collection":[{"href":"https:\/\/www.almiramonti.com\/de\/wp-json\/wp\/v2\/product"}],"about":[{"href":"https:\/\/www.almiramonti.com\/de\/wp-json\/wp\/v2\/types\/product"}],"version-history":[{"count":1,"href":"https:\/\/www.almiramonti.com\/de\/wp-json\/wp\/v2\/product\/7486\/revisions"}],"predecessor-version":[{"id":7524,"href":"https:\/\/www.almiramonti.com\/de\/wp-json\/wp\/v2\/product\/7486\/revisions\/7524"}],"wp:featuredmedia":[{"embeddable":true,"href":"https:\/\/www.almiramonti.com\/de\/wp-json\/wp\/v2\/media\/6182"}],"wp:attachment":[{"href":"https:\/\/www.almiramonti.com\/de\/wp-json\/wp\/v2\/media?parent=7486"}],"wp:term":[{"taxonomy":"product_brand","embeddable":true,"href":"https:\/\/www.almiramonti.com\/de\/wp-json\/wp\/v2\/product_brand?post=7486"},{"taxonomy":"product_cat","embeddable":true,"href":"https:\/\/www.almiramonti.com\/de\/wp-json\/wp\/v2\/product_cat?post=7486"},{"taxonomy":"product_tag","embeddable":true,"href":"https:\/\/www.almiramonti.com\/de\/wp-json\/wp\/v2\/product_tag?post=7486"},{"taxonomy":"giftcard-category","embeddable":true,"href":"https:\/\/www.almiramonti.com\/de\/wp-json\/wp\/v2\/giftcard-category?post=7486"}],"curies":[{"name":"wp","href":"https:\/\/api.w.org\/{rel}","templated":true}]}}