{"id":7476,"date":"2023-11-14T10:30:40","date_gmt":"2023-11-14T10:30:40","guid":{"rendered":"https:\/\/www.almiramonti.com\/shop\/risveglio-benessere\/"},"modified":"2024-05-21T13:08:33","modified_gmt":"2024-05-21T13:08:33","slug":"risveglio-benessere","status":"publish","type":"product","link":"https:\/\/www.almiramonti.com\/de\/shop\/risveglio-benessere\/","title":{"rendered":"WOHLBEFINDEN ERWACHEN"},"content":{"rendered":"","protected":false},"excerpt":{"rendered":"<p>Eine Erfahrung, die das Vergn\u00fcgen des Geschmacks mit einem morgendlichen Wohlbefindenserwachen vereint, ein Raum f\u00fcr K\u00f6rper, Geist und Seele.<\/p>\n<p>Der Gutschein beinhaltet:<\/p>\n<ul>\n<li>1 \u00dcbernachtung im klassischen Zimmer<\/li>\n<li>Gastronomisches Abendessen mit typischen Produkten aus der Region<\/li>\n<li>Erwachen mit einer Yoga-Stunde<\/li>\n<\/ul>\n<p>(in Zusammenarbeit und am Standort Antico Olmo dell&#8217;Ottocento, 5 Minuten von unserem Hotel entfernt)<\/p>\n<ul>\n<li>Fr\u00fchst\u00fcck an unserem k\u00f6stlichen Buffet mit typischen Vigezziner Gerichten<\/li>\n<\/ul>\n<p>Preis pro Person: \u20ac 150,00 \/ pro Paar: \u20ac 300,00<\/p>\n<p><em>Die Gutscheine sind nur mit vorheriger Reservierung und je nach Verf\u00fcgbarkeit des Hotels nutzbar. Sie sind ein Jahr ab Ausstellungsdatum g\u00fcltig.<\/em><br \/>\n<em>Sie k\u00f6nnen den Gutschein direkt per E-Mail erhalten und ausdrucken oder an den Geschenkempf\u00e4nger weiterleiten.<\/em><\/p>\n","protected":false},"featured_media":6161,"template":"","meta":{"inline_featured_image":false},"product_brand":[],"product_cat":[52],"product_tag":[],"giftcard-category":[59],"class_list":{"0":"post-7476","1":"product","2":"type-product","3":"status-publish","4":"has-post-thumbnail","6":"product_cat-gift-card","7":"giftcard-category-gift","9":"first","10":"instock","11":"virtual","12":"purchasable","13":"product-type-gift-card"},"yoast_head":"<!-- This site is optimized with the Yoast SEO plugin v27.5 - https:\/\/yoast.com\/product\/yoast-seo-wordpress\/ -->\n<title>WOHLBEFINDEN ERWACHEN - Hotel al Miramonti Santa Maria Maggiore<\/title>\n<meta name=\"robots\" content=\"index, follow, max-snippet:-1, max-image-preview:large, max-video-preview:-1\" \/>\n<link rel=\"canonical\" href=\"https:\/\/www.almiramonti.com\/de\/shop\/risveglio-benessere\/\" \/>\n<meta property=\"og:locale\" content=\"de_DE\" \/>\n<meta property=\"og:type\" content=\"article\" \/>\n<meta property=\"og:title\" content=\"WOHLBEFINDEN ERWACHEN - Hotel al Miramonti Santa Maria Maggiore\" \/>\n<meta property=\"og:description\" content=\"Eine Erfahrung, die das Vergn\u00fcgen des Geschmacks mit einem morgendlichen Wohlbefindenserwachen vereint, ein Raum f\u00fcr K\u00f6rper, Geist und Seele.  Der Gutschein beinhaltet:   1 \u00dcbernachtung im klassischen Zimmer  Gastronomisches Abendessen mit typischen Produkten aus der Region  Erwachen mit einer Yoga-Stunde  (in Zusammenarbeit und am Standort Antico Olmo dell&#039;Ottocento, 5 Minuten von unserem Hotel entfernt)   Fr\u00fchst\u00fcck an unserem k\u00f6stlichen Buffet mit typischen Vigezziner Gerichten  Preis pro Person: \u20ac 150,00 \/ pro Paar: \u20ac 300,00  Die Gutscheine sind nur mit vorheriger Reservierung und je nach Verf\u00fcgbarkeit des Hotels nutzbar. Sie sind ein Jahr ab Ausstellungsdatum g\u00fcltig. Sie k\u00f6nnen den Gutschein direkt per E-Mail erhalten und ausdrucken oder an den Geschenkempf\u00e4nger weiterleiten.\" \/>\n<meta property=\"og:url\" content=\"https:\/\/www.almiramonti.com\/de\/shop\/risveglio-benessere\/\" \/>\n<meta property=\"og:site_name\" content=\"Hotel al Miramonti Santa Maria Maggiore\" \/>\n<meta property=\"article:modified_time\" content=\"2024-05-21T13:08:33+00:00\" \/>\n<meta property=\"og:image\" content=\"https:\/\/www.almiramonti.com\/wp-content\/uploads\/2023\/11\/RISVEGLIO-BENESSERE.jpg\" \/>\n\t<meta property=\"og:image:width\" content=\"1240\" \/>\n\t<meta property=\"og:image:height\" content=\"1410\" \/>\n\t<meta property=\"og:image:type\" content=\"image\/jpeg\" \/>\n<meta name=\"twitter:card\" content=\"summary_large_image\" \/>\n<meta name=\"twitter:label1\" content=\"Gesch\u00e4tzte Lesezeit\" \/>\n\t<meta name=\"twitter:data1\" content=\"1\u00a0Minute\" \/>\n<script type=\"application\/ld+json\" class=\"yoast-schema-graph\">{\"@context\":\"https:\\\/\\\/schema.org\",\"@graph\":[{\"@type\":\"WebPage\",\"@id\":\"https:\\\/\\\/www.almiramonti.com\\\/de\\\/shop\\\/risveglio-benessere\\\/\",\"url\":\"https:\\\/\\\/www.almiramonti.com\\\/de\\\/shop\\\/risveglio-benessere\\\/\",\"name\":\"WOHLBEFINDEN ERWACHEN - Hotel al Miramonti Santa Maria Maggiore\",\"isPartOf\":{\"@id\":\"https:\\\/\\\/www.almiramonti.com\\\/#website\"},\"primaryImageOfPage\":{\"@id\":\"https:\\\/\\\/www.almiramonti.com\\\/de\\\/shop\\\/risveglio-benessere\\\/#primaryimage\"},\"image\":{\"@id\":\"https:\\\/\\\/www.almiramonti.com\\\/de\\\/shop\\\/risveglio-benessere\\\/#primaryimage\"},\"thumbnailUrl\":\"https:\\\/\\\/www.almiramonti.com\\\/wp-content\\\/uploads\\\/2023\\\/11\\\/RISVEGLIO-BENESSERE.jpg\",\"datePublished\":\"2023-11-14T10:30:40+00:00\",\"dateModified\":\"2024-05-21T13:08:33+00:00\",\"breadcrumb\":{\"@id\":\"https:\\\/\\\/www.almiramonti.com\\\/de\\\/shop\\\/risveglio-benessere\\\/#breadcrumb\"},\"inLanguage\":\"de\",\"potentialAction\":[{\"@type\":\"ReadAction\",\"target\":[\"https:\\\/\\\/www.almiramonti.com\\\/de\\\/shop\\\/risveglio-benessere\\\/\"]}]},{\"@type\":\"ImageObject\",\"inLanguage\":\"de\",\"@id\":\"https:\\\/\\\/www.almiramonti.com\\\/de\\\/shop\\\/risveglio-benessere\\\/#primaryimage\",\"url\":\"https:\\\/\\\/www.almiramonti.com\\\/wp-content\\\/uploads\\\/2023\\\/11\\\/RISVEGLIO-BENESSERE.jpg\",\"contentUrl\":\"https:\\\/\\\/www.almiramonti.com\\\/wp-content\\\/uploads\\\/2023\\\/11\\\/RISVEGLIO-BENESSERE.jpg\",\"width\":1240,\"height\":1410},{\"@type\":\"BreadcrumbList\",\"@id\":\"https:\\\/\\\/www.almiramonti.com\\\/de\\\/shop\\\/risveglio-benessere\\\/#breadcrumb\",\"itemListElement\":[{\"@type\":\"ListItem\",\"position\":1,\"name\":\"Home\",\"item\":\"https:\\\/\\\/www.almiramonti.com\\\/de\\\/\"},{\"@type\":\"ListItem\",\"position\":2,\"name\":\"SHOP\",\"item\":\"https:\\\/\\\/www.almiramonti.com\\\/shop\\\/\"},{\"@type\":\"ListItem\",\"position\":3,\"name\":\"WOHLBEFINDEN ERWACHEN\"}]},{\"@type\":\"WebSite\",\"@id\":\"https:\\\/\\\/www.almiramonti.com\\\/#website\",\"url\":\"https:\\\/\\\/www.almiramonti.com\\\/\",\"name\":\"Hotel al Miramonti Santa Maria Maggiore\",\"description\":\"Credits PrincipeMorici\",\"publisher\":{\"@id\":\"https:\\\/\\\/www.almiramonti.com\\\/#organization\"},\"potentialAction\":[{\"@type\":\"SearchAction\",\"target\":{\"@type\":\"EntryPoint\",\"urlTemplate\":\"https:\\\/\\\/www.almiramonti.com\\\/?s={search_term_string}\"},\"query-input\":{\"@type\":\"PropertyValueSpecification\",\"valueRequired\":true,\"valueName\":\"search_term_string\"}}],\"inLanguage\":\"de\"},{\"@type\":\"Organization\",\"@id\":\"https:\\\/\\\/www.almiramonti.com\\\/#organization\",\"name\":\"Hotel al Miramonti Santa Maria Maggiore\",\"url\":\"https:\\\/\\\/www.almiramonti.com\\\/\",\"logo\":{\"@type\":\"ImageObject\",\"inLanguage\":\"de\",\"@id\":\"https:\\\/\\\/www.almiramonti.com\\\/#\\\/schema\\\/logo\\\/image\\\/\",\"url\":\"https:\\\/\\\/www.almiramonti.com\\\/wp-content\\\/uploads\\\/2023\\\/04\\\/logo-3.png\",\"contentUrl\":\"https:\\\/\\\/www.almiramonti.com\\\/wp-content\\\/uploads\\\/2023\\\/04\\\/logo-3.png\",\"width\":457,\"height\":91,\"caption\":\"Hotel al Miramonti Santa Maria Maggiore\"},\"image\":{\"@id\":\"https:\\\/\\\/www.almiramonti.com\\\/#\\\/schema\\\/logo\\\/image\\\/\"}}]}<\/script>\n<!-- \/ Yoast SEO plugin. -->","yoast_head_json":{"title":"WOHLBEFINDEN ERWACHEN - Hotel al Miramonti Santa Maria Maggiore","robots":{"index":"index","follow":"follow","max-snippet":"max-snippet:-1","max-image-preview":"max-image-preview:large","max-video-preview":"max-video-preview:-1"},"canonical":"https:\/\/www.almiramonti.com\/de\/shop\/risveglio-benessere\/","og_locale":"de_DE","og_type":"article","og_title":"WOHLBEFINDEN ERWACHEN - Hotel al Miramonti Santa Maria Maggiore","og_description":"Eine Erfahrung, die das Vergn\u00fcgen des Geschmacks mit einem morgendlichen Wohlbefindenserwachen vereint, ein Raum f\u00fcr K\u00f6rper, Geist und Seele.  Der Gutschein beinhaltet:   1 \u00dcbernachtung im klassischen Zimmer  Gastronomisches Abendessen mit typischen Produkten aus der Region  Erwachen mit einer Yoga-Stunde  (in Zusammenarbeit und am Standort Antico Olmo dell'Ottocento, 5 Minuten von unserem Hotel entfernt)   Fr\u00fchst\u00fcck an unserem k\u00f6stlichen Buffet mit typischen Vigezziner Gerichten  Preis pro Person: \u20ac 150,00 \/ pro Paar: \u20ac 300,00  Die Gutscheine sind nur mit vorheriger Reservierung und je nach Verf\u00fcgbarkeit des Hotels nutzbar. Sie sind ein Jahr ab Ausstellungsdatum g\u00fcltig. Sie k\u00f6nnen den Gutschein direkt per E-Mail erhalten und ausdrucken oder an den Geschenkempf\u00e4nger weiterleiten.","og_url":"https:\/\/www.almiramonti.com\/de\/shop\/risveglio-benessere\/","og_site_name":"Hotel al Miramonti Santa Maria Maggiore","article_modified_time":"2024-05-21T13:08:33+00:00","og_image":[{"width":1240,"height":1410,"url":"https:\/\/www.almiramonti.com\/wp-content\/uploads\/2023\/11\/RISVEGLIO-BENESSERE.jpg","type":"image\/jpeg"}],"twitter_card":"summary_large_image","twitter_misc":{"Gesch\u00e4tzte Lesezeit":"1\u00a0Minute"},"schema":{"@context":"https:\/\/schema.org","@graph":[{"@type":"WebPage","@id":"https:\/\/www.almiramonti.com\/de\/shop\/risveglio-benessere\/","url":"https:\/\/www.almiramonti.com\/de\/shop\/risveglio-benessere\/","name":"WOHLBEFINDEN ERWACHEN - Hotel al Miramonti Santa Maria Maggiore","isPartOf":{"@id":"https:\/\/www.almiramonti.com\/#website"},"primaryImageOfPage":{"@id":"https:\/\/www.almiramonti.com\/de\/shop\/risveglio-benessere\/#primaryimage"},"image":{"@id":"https:\/\/www.almiramonti.com\/de\/shop\/risveglio-benessere\/#primaryimage"},"thumbnailUrl":"https:\/\/www.almiramonti.com\/wp-content\/uploads\/2023\/11\/RISVEGLIO-BENESSERE.jpg","datePublished":"2023-11-14T10:30:40+00:00","dateModified":"2024-05-21T13:08:33+00:00","breadcrumb":{"@id":"https:\/\/www.almiramonti.com\/de\/shop\/risveglio-benessere\/#breadcrumb"},"inLanguage":"de","potentialAction":[{"@type":"ReadAction","target":["https:\/\/www.almiramonti.com\/de\/shop\/risveglio-benessere\/"]}]},{"@type":"ImageObject","inLanguage":"de","@id":"https:\/\/www.almiramonti.com\/de\/shop\/risveglio-benessere\/#primaryimage","url":"https:\/\/www.almiramonti.com\/wp-content\/uploads\/2023\/11\/RISVEGLIO-BENESSERE.jpg","contentUrl":"https:\/\/www.almiramonti.com\/wp-content\/uploads\/2023\/11\/RISVEGLIO-BENESSERE.jpg","width":1240,"height":1410},{"@type":"BreadcrumbList","@id":"https:\/\/www.almiramonti.com\/de\/shop\/risveglio-benessere\/#breadcrumb","itemListElement":[{"@type":"ListItem","position":1,"name":"Home","item":"https:\/\/www.almiramonti.com\/de\/"},{"@type":"ListItem","position":2,"name":"SHOP","item":"https:\/\/www.almiramonti.com\/shop\/"},{"@type":"ListItem","position":3,"name":"WOHLBEFINDEN ERWACHEN"}]},{"@type":"WebSite","@id":"https:\/\/www.almiramonti.com\/#website","url":"https:\/\/www.almiramonti.com\/","name":"Hotel al Miramonti Santa Maria Maggiore","description":"Credits PrincipeMorici","publisher":{"@id":"https:\/\/www.almiramonti.com\/#organization"},"potentialAction":[{"@type":"SearchAction","target":{"@type":"EntryPoint","urlTemplate":"https:\/\/www.almiramonti.com\/?s={search_term_string}"},"query-input":{"@type":"PropertyValueSpecification","valueRequired":true,"valueName":"search_term_string"}}],"inLanguage":"de"},{"@type":"Organization","@id":"https:\/\/www.almiramonti.com\/#organization","name":"Hotel al Miramonti Santa Maria Maggiore","url":"https:\/\/www.almiramonti.com\/","logo":{"@type":"ImageObject","inLanguage":"de","@id":"https:\/\/www.almiramonti.com\/#\/schema\/logo\/image\/","url":"https:\/\/www.almiramonti.com\/wp-content\/uploads\/2023\/04\/logo-3.png","contentUrl":"https:\/\/www.almiramonti.com\/wp-content\/uploads\/2023\/04\/logo-3.png","width":457,"height":91,"caption":"Hotel al Miramonti Santa Maria Maggiore"},"image":{"@id":"https:\/\/www.almiramonti.com\/#\/schema\/logo\/image\/"}}]}},"_links":{"self":[{"href":"https:\/\/www.almiramonti.com\/de\/wp-json\/wp\/v2\/product\/7476","targetHints":{"allow":["GET"]}}],"collection":[{"href":"https:\/\/www.almiramonti.com\/de\/wp-json\/wp\/v2\/product"}],"about":[{"href":"https:\/\/www.almiramonti.com\/de\/wp-json\/wp\/v2\/types\/product"}],"version-history":[{"count":2,"href":"https:\/\/www.almiramonti.com\/de\/wp-json\/wp\/v2\/product\/7476\/revisions"}],"predecessor-version":[{"id":7513,"href":"https:\/\/www.almiramonti.com\/de\/wp-json\/wp\/v2\/product\/7476\/revisions\/7513"}],"wp:featuredmedia":[{"embeddable":true,"href":"https:\/\/www.almiramonti.com\/de\/wp-json\/wp\/v2\/media\/6161"}],"wp:attachment":[{"href":"https:\/\/www.almiramonti.com\/de\/wp-json\/wp\/v2\/media?parent=7476"}],"wp:term":[{"taxonomy":"product_brand","embeddable":true,"href":"https:\/\/www.almiramonti.com\/de\/wp-json\/wp\/v2\/product_brand?post=7476"},{"taxonomy":"product_cat","embeddable":true,"href":"https:\/\/www.almiramonti.com\/de\/wp-json\/wp\/v2\/product_cat?post=7476"},{"taxonomy":"product_tag","embeddable":true,"href":"https:\/\/www.almiramonti.com\/de\/wp-json\/wp\/v2\/product_tag?post=7476"},{"taxonomy":"giftcard-category","embeddable":true,"href":"https:\/\/www.almiramonti.com\/de\/wp-json\/wp\/v2\/giftcard-category?post=7476"}],"curies":[{"name":"wp","href":"https:\/\/api.w.org\/{rel}","templated":true}]}}